{"id":64,"date":"2018-10-09T08:38:16","date_gmt":"2018-10-09T08:38:16","guid":{"rendered":"http:\/\/localhost:8888\/barrique\/index.php\/about-us\/"},"modified":"2025-07-24T11:22:15","modified_gmt":"2025-07-24T11:22:15","slug":"about-us","status":"publish","type":"page","link":"https:\/\/barrique.ba\/index.php\/about-us\/","title":{"rendered":"ABOUT US"},"content":{"rendered":"\t\t<div data-elementor-type=\"wp-post\" data-elementor-id=\"64\" class=\"elementor elementor-64\">\n\t\t\t\t<div class=\"aux-parallax-section elementor-element elementor-element-fb311ed e-flex e-con-boxed e-con e-parent\" data-id=\"fb311ed\" data-element_type=\"container\" data-settings=\"{&quot;background_background&quot;:&quot;classic&quot;}\">\n\t\t\t\t\t<div class=\"e-con-inner\">\n\t\t<div class=\"elementor-element elementor-element-9df1262 e-con-full e-flex e-con e-child\" data-id=\"9df1262\" data-element_type=\"container\">\n\t\t\t\t<div class=\"elementor-element elementor-element-2d7f209 aux-appear-watch-animation aux-fade-in-right elementor-widget elementor-widget-aux_modern_heading\" data-id=\"2d7f209\" data-element_type=\"widget\" data-widget_type=\"aux_modern_heading.default\">\n\t\t\t\t<div class=\"elementor-widget-container\">\n\t\t\t\t\t<section class=\"aux-widget-modern-heading\">\n            <div class=\"aux-widget-inner\"><div class=\"aux-modern-heading-divider\"><\/div><h2 class=\"aux-modern-heading-primary\">BARRIQUE NEWS\n<\/h2><\/div>\n        <\/section>\t\t\t\t<\/div>\n\t\t\t\t<\/div>\n\t\t\t\t<\/div>\n\t\t\t\t\t<\/div>\n\t\t\t\t<\/div>\n\t\t<div class=\"aux-parallax-section elementor-element elementor-element-2bf84b4 e-flex e-con-boxed e-con e-parent\" data-id=\"2bf84b4\" data-element_type=\"container\">\n\t\t\t\t\t<div class=\"e-con-inner\">\n\t\t\t\t<div class=\"elementor-element elementor-element-8e4f668 elementor-widget elementor-widget-eael-post-timeline\" data-id=\"8e4f668\" data-element_type=\"widget\" data-widget_type=\"eael-post-timeline.default\">\n\t\t\t\t<div class=\"elementor-widget-container\">\n\t\t\t\t\t<div id=\"eael-post-timeline-8e4f668\" class=\"eael-post-timeline timeline-layout-default eael-post-timeline-arrow-\">\n            <div class=\"eael-post-timeline eael-post-appender eael-post-appender-8e4f668\"><article class=\"eael-timeline-post eael-timeline-column\">\n    <div class=\"eael-timeline-bullet\"><\/div>\n    <div class=\"eael-timeline-post-inner\">\n        <a class=\"eael-timeline-post-link\" href=\"https:\/\/barrique.ba\/index.php\/2025\/07\/20\/prednosti-pripremanja-hrane-u-krusnoj-peci-na-drva\/\" title=\"Prednosti pripremanja hrane u kru\u0161noj pe\u0107i na drva\">\n            <time datetime=\"20.07.2025\">20.07.2025<\/time>\n            <div class=\"eael-timeline-post-image  attachment-medium size-medium\" style=\"background-image: url(https:\/\/barrique.ba\/wp-content\/uploads\/2025\/07\/krusna-pec-2-300x300.jpg);\"><\/div><div class=\"eael-timeline-post-excerpt\"><p>Pripremanje hrane u kru\u0161noj pe\u0107i na drva donosi niz prednosti, koje \u010dine ovaj na\u010din kuhanja posebno privla\u010dnim za ljubitelje tradicionalnih i autenti\u010dnih okusa. Evo glavnih razloga za\u0161to je to dobro: 1. Autenti\u010dan i bogat okus 2. Ravnomjerna i prirodna toplina 3. Ekolo\u0161ki prihvatljivo 4. Energetska u\u010dinkovitost 5. Zdravije na\u010dine kuhanja...<\/p><\/div><div class=\"eael-timeline-post-title\">\n                    <h2 class=\"eael-timeline-post-title-text\">Prednosti pripremanja hrane u kru\u0161noj pe\u0107i na drva<\/h2>\n                <\/div><\/a>\n    <\/div>\n<\/article><article class=\"eael-timeline-post eael-timeline-column\">\n    <div class=\"eael-timeline-bullet\"><\/div>\n    <div class=\"eael-timeline-post-inner\">\n        <a class=\"eael-timeline-post-link\" href=\"https:\/\/barrique.ba\/index.php\/2025\/06\/13\/napokon-barrique-ima-svoju-web-straicu\/\" title=\"Napokon: Barrique ima web stranicu\">\n            <time datetime=\"13.06.2025\">13.06.2025<\/time>\n            <div class=\"eael-timeline-post-image  attachment-medium size-medium\" style=\"background-image: url(https:\/\/barrique.ba\/wp-content\/uploads\/2025\/06\/1vinoteka-300x300.jpg);\"><\/div><div class=\"eael-timeline-post-excerpt\"><p>DOBRO DO\u0160LI! Dragi prijatelji i gosti, Dobrodo\u0161li na slu\u017ebeni blog restorana Barrique!Ovdje zapo\u010dinjemo jedno novo poglavlje u na\u0161em putovanju \u2013 mjesto gdje \u0107emo s vama dijeliti pri\u010de iz kuhinje, sezonske novitete, vinske preporuke, doga\u0111aje i sve one sitne, ali va\u017ene trenutke koji \u010dine Barrique onim \u0161to jeste: spoj ukusa, atmosfere...<\/p><\/div><div class=\"eael-timeline-post-title\">\n                    <h2 class=\"eael-timeline-post-title-text\">Napokon: Barrique ima web stranicu<\/h2>\n                <\/div><\/a>\n    <\/div>\n<\/article><\/div>\n\t\t<\/div>\t\t\t\t<\/div>\n\t\t\t\t<\/div>\n\t\t\t\t\t<\/div>\n\t\t\t\t<\/div>\n\t\t\t\t<\/div>\n\t\t","protected":false},"excerpt":{"rendered":"<p>BARRIQUE NEWS 20.07.2025 Pripremanje hrane u kru\u0161noj pe\u0107i na drva donosi niz prednosti, koje \u010dine ovaj na\u010din kuhanja posebno privla\u010dnim za ljubitelje tradicionalnih i autenti\u010dnih okusa. Evo glavnih razloga za\u0161to je to dobro: 1. Autenti\u010dan i bogat okus 2. Ravnomjerna i prirodna toplina 3. Ekolo\u0161ki prihvatljivo 4. Energetska u\u010dinkovitost 5. Zdravije na\u010dine kuhanja&#8230; Prednosti pripremanja [&hellip;]<\/p>\n","protected":false},"author":1,"featured_media":0,"parent":0,"menu_order":0,"comment_status":"closed","ping_status":"closed","template":"elementor_header_footer","meta":{"_eb_attr":"","footnotes":""},"class_list":["post-64","page","type-page","status-publish","hentry"],"_links":{"self":[{"href":"https:\/\/barrique.ba\/index.php\/wp-json\/wp\/v2\/pages\/64","targetHints":{"allow":["GET"]}}],"collection":[{"href":"https:\/\/barrique.ba\/index.php\/wp-json\/wp\/v2\/pages"}],"about":[{"href":"https:\/\/barrique.ba\/index.php\/wp-json\/wp\/v2\/types\/page"}],"author":[{"embeddable":true,"href":"https:\/\/barrique.ba\/index.php\/wp-json\/wp\/v2\/users\/1"}],"replies":[{"embeddable":true,"href":"https:\/\/barrique.ba\/index.php\/wp-json\/wp\/v2\/comments?post=64"}],"version-history":[{"count":42,"href":"https:\/\/barrique.ba\/index.php\/wp-json\/wp\/v2\/pages\/64\/revisions"}],"predecessor-version":[{"id":1569,"href":"https:\/\/barrique.ba\/index.php\/wp-json\/wp\/v2\/pages\/64\/revisions\/1569"}],"wp:attachment":[{"href":"https:\/\/barrique.ba\/index.php\/wp-json\/wp\/v2\/media?parent=64"}],"curies":[{"name":"wp","href":"https:\/\/api.w.org\/{rel}","templated":true}]}}